{"id":1365,"date":"2024-02-20T14:24:31","date_gmt":"2024-02-20T18:24:31","guid":{"rendered":"https:\/\/godivebayahibe.com\/kontakt\/"},"modified":"2026-03-19T14:32:33","modified_gmt":"2026-03-19T18:32:33","slug":"kontakt","status":"publish","type":"page","link":"https:\/\/godivebayahibe.com\/de\/kontakt\/","title":{"rendered":"Kontakt"},"content":{"rendered":"<p>[et_pb_section fb_built=&#8220;1&#8243; custom_padding_last_edited=&#8220;on|tablet&#8220; admin_label=&#8220;Contact Form&#8220; _builder_version=&#8220;4.16&#8243; custom_padding=&#8220;110px||31px|||&#8220; custom_padding_tablet=&#8220;60px|||&#8220; custom_padding_phone=&#8220;&#8220; global_colors_info=&#8220;{}&#8220;][et_pb_row column_structure=&#8220;1_2,1_2&#8243; _builder_version=&#8220;4.16&#8243; background_size=&#8220;initial&#8220; background_position=&#8220;top_left&#8220; background_repeat=&#8220;repeat&#8220; global_colors_info=&#8220;{}&#8220;][et_pb_column type=&#8220;1_2&#8243; _builder_version=&#8220;4.16&#8243; custom_padding=&#8220;|||&#8220; global_colors_info=&#8220;{}&#8220; custom_padding__hover=&#8220;|||&#8220;][et_pb_text admin_label=&#8220;Contact Title&#8220; _builder_version=&#8220;4.16&#8243; text_font=&#8220;||||&#8220; text_text_color=&#8220;#1a1a1a&#8220; header_font=&#8220;Oswald|on||on|&#8220; header_text_align=&#8220;left&#8220; header_font_size=&#8220;60px&#8220; header_line_height=&#8220;1.3em&#8220; background_size=&#8220;initial&#8220; background_position=&#8220;top_left&#8220; background_repeat=&#8220;repeat&#8220; max_width=&#8220;450px&#8220; custom_margin=&#8220;|||&#8220; custom_padding=&#8220;|||&#8220; animation_style=&#8220;slide&#8220; animation_direction=&#8220;top&#8220; animation_intensity_slide=&#8220;10%&#8220; locked=&#8220;off&#8220; global_colors_info=&#8220;{}&#8220;]<\/p>\n<h1>Kontaktieren Sie uns<\/h1>\n<p>[\/et_pb_text][et_pb_divider color=&#8220;#f06f04&#8243; divider_position=&#8220;center&#8220; divider_weight=&#8220;3px&#8220; disabled_on=&#8220;off|off|off%22&#8243; admin_label=&#8220;Divider&#8220; _builder_version=&#8220;4.24.1&#8243; max_width=&#8220;150px&#8220; height=&#8220;false&#8220; custom_margin=&#8220;30px|||&#8220; animation_style=&#8220;slide&#8220; animation_direction=&#8220;top&#8220; animation_delay=&#8220;100ms&#8220; animation_intensity_slide=&#8220;10%&#8220; locked=&#8220;off&#8220; global_colors_info=&#8220;{}&#8220;][\/et_pb_divider][et_pb_text admin_label=&#8220;Contact Subtitle&#8220; _builder_version=&#8220;4.24.1&#8243; text_font=&#8220;Roboto||||&#8220; text_text_color=&#8220;#1a1a1a&#8220; text_font_size=&#8220;24px&#8220; text_line_height=&#8220;1.4em&#8220; background_size=&#8220;initial&#8220; background_position=&#8220;top_left&#8220; background_repeat=&#8220;repeat&#8220; max_width=&#8220;450px&#8220; custom_padding=&#8220;30px|||&#8220; animation_style=&#8220;slide&#8220; animation_direction=&#8220;top&#8220; animation_delay=&#8220;200ms&#8220; animation_intensity_slide=&#8220;10%&#8220; locked=&#8220;off&#8220; global_colors_info=&#8220;{}&#8220;]<\/p>\n<p>Entdecken Sie die Geheimnisse des karibischen Ozeans mit Go Dive Bayahibe<\/p>\n<p>[\/et_pb_text][et_pb_text admin_label=&#8220;Contact Text&#8220; _builder_version=&#8220;4.24.1&#8243; text_font=&#8220;Roboto||||&#8220; background_size=&#8220;initial&#8220; background_position=&#8220;top_left&#8220; background_repeat=&#8220;repeat&#8220; max_width=&#8220;450px&#8220; custom_margin=&#8220;60|||&#8220; custom_padding=&#8220;||60px|&#8220; animation_style=&#8220;slide&#8220; animation_direction=&#8220;top&#8220; animation_delay=&#8220;400ms&#8220; animation_intensity_slide=&#8220;4%&#8220; locked=&#8220;off&#8220; global_colors_info=&#8220;{}&#8220;]<\/p>\n<p>Unsere Leidenschaft ist das Meer, und wir freuen uns, die Unterwasserwunder von Bayahibe mit Ihnen zu teilen. Vom Anf\u00e4nger bis zum Fortgeschrittenen bieten wir Kurse und Ausfl\u00fcge f\u00fcr ein unvergessliches Erlebnis an.<\/p>\n<p>Unser Expertenteam sorgt f\u00fcr Ihre Sicherheit und Ihren Genuss, w\u00e4hrend Sie lebendige Korallenriffe, Schiffswracks und H\u00f6hlen erkunden. Bereit f\u00fcr dein n\u00e4chstes Tauchabenteuer? Kontaktieren Sie uns. Wir k\u00f6nnen es kaum erwarten, mit Ihnen in die Sch\u00f6nheit von Bayahibe einzutauchen.<\/p>\n<p>Tauchen Sie ein,<br \/>Julien und Ga\u00eblle<\/p>\n<p>[\/et_pb_text][\/et_pb_column][et_pb_column type=&#8220;1_2&#8243; _builder_version=&#8220;4.16&#8243; custom_padding=&#8220;|||&#8220; global_colors_info=&#8220;{}&#8220; custom_padding__hover=&#8220;|||&#8220;][et_pb_text _builder_version=&#8220;4.25.2&#8243; _module_preset=&#8220;default&#8220; hover_enabled=&#8220;0&#8243; sticky_enabled=&#8220;0&#8243;]<\/p>\n\n<div class=\"wpcf7 no-js\" id=\"wpcf7-f1372-o1\" lang=\"de-DE\" dir=\"ltr\" data-wpcf7-id=\"1372\">\n<div class=\"screen-reader-response\"><p role=\"status\" aria-live=\"polite\" aria-atomic=\"true\"><\/p> <ul><\/ul><\/div>\n<form action=\"\/de\/wp-json\/wp\/v2\/pages\/1365#wpcf7-f1372-o1\" method=\"post\" class=\"wpcf7-form init\" aria-label=\"Kontaktformular\" novalidate=\"novalidate\" data-status=\"init\">\n<fieldset class=\"hidden-fields-container\"><input type=\"hidden\" name=\"_wpcf7\" value=\"1372\" \/><input type=\"hidden\" name=\"_wpcf7_version\" value=\"6.1.5\" \/><input type=\"hidden\" name=\"_wpcf7_locale\" value=\"de_DE\" \/><input type=\"hidden\" name=\"_wpcf7_unit_tag\" value=\"wpcf7-f1372-o1\" \/><input type=\"hidden\" name=\"_wpcf7_container_post\" value=\"0\" \/><input type=\"hidden\" name=\"_wpcf7_posted_data_hash\" value=\"\" \/><input type=\"hidden\" name=\"_wpcf7_recaptcha_response\" value=\"\" \/>\n<\/fieldset>\n<p><label><br \/>\n<span class=\"wpcf7-form-control-wrap\" data-name=\"your-name\"><input size=\"40\" maxlength=\"400\" class=\"wpcf7-form-control wpcf7-text wpcf7-validates-as-required\" aria-required=\"true\" aria-invalid=\"false\" placeholder=\"Name\" value=\"\" type=\"text\" name=\"your-name\" \/><\/span> <\/label><br \/>\n<label><br \/>\n<span class=\"wpcf7-form-control-wrap\" data-name=\"your-email\"><input size=\"40\" maxlength=\"400\" class=\"wpcf7-form-control wpcf7-email wpcf7-validates-as-required wpcf7-text wpcf7-validates-as-email\" aria-required=\"true\" aria-invalid=\"false\" placeholder=\"E-Mail-Adresse\" value=\"\" type=\"email\" name=\"your-email\" \/><\/span> <\/label><br \/>\n<label><br \/>\n<span class=\"wpcf7-form-control-wrap\" data-name=\"phone\"><input size=\"40\" maxlength=\"400\" class=\"wpcf7-form-control wpcf7-tel wpcf7-text wpcf7-validates-as-tel\" aria-invalid=\"false\" placeholder=\"Telefon\" value=\"\" type=\"tel\" name=\"phone\" \/><\/span> <\/label><br \/>\n<label><br \/>\n<span class=\"wpcf7-form-control-wrap\" data-name=\"your-message\"><textarea cols=\"40\" rows=\"10\" maxlength=\"2000\" class=\"wpcf7-form-control wpcf7-textarea\" aria-invalid=\"false\" placeholder=\"Nachricht\" name=\"your-message\"><\/textarea><\/span> <\/label>\n<\/p>\n<p><input class=\"wpcf7-form-control wpcf7-submit has-spinner\" type=\"submit\" value=\"NACHRICHT SENDEN\" \/>\n<\/p><div class=\"wpcf7-response-output\" aria-hidden=\"true\"><\/div>\n<\/form>\n<\/div>\n\n<p>[\/et_pb_text][\/et_pb_column][\/et_pb_row][et_pb_row _builder_version=&#8220;4.24.2&#8243; _module_preset=&#8220;default&#8220; global_colors_info=&#8220;{}&#8220;][et_pb_column type=&#8220;4_4&#8243; _builder_version=&#8220;4.24.2&#8243; _module_preset=&#8220;default&#8220; global_colors_info=&#8220;{}&#8220;][et_pb_image src=&#8220;https:\/\/godivebayahibe.com\/wp-content\/uploads\/2024\/03\/go-dive-bayahibe-contact.jpg&#8220; title_text=&#8220;go-dive-bayahibe-kontakt&#8220; _builder_version=&#8220;4.24.2&#8243; _module_preset=&#8220;default&#8220; global_colors_info=&#8220;{}&#8220;][\/et_pb_image][\/et_pb_column][\/et_pb_row][\/et_pb_section][et_pb_section fb_built=&#8220;1&#8243; fullwidth=&#8220;on&#8220; _builder_version=&#8220;4.24.1&#8243; _module_preset=&#8220;default&#8220; custom_margin=&#8220;||0px||false|false&#8220; global_colors_info=&#8220;{}&#8220;][et_pb_fullwidth_image src=&#8220;https:\/\/godivebayahibe.com\/wp-content\/uploads\/2024\/02\/contact-address-godive.jpg&#8220; title_text=&#8220;kontakt-adresse-godive&#8220; _builder_version=&#8220;4.24.1&#8243; _module_preset=&#8220;default&#8220; global_colors_info=&#8220;{}&#8220;][\/et_pb_fullwidth_image][\/et_pb_section]<\/p>\n<div id=\"dipi-popup-maker-container\"><\/div>    <script type=\"text\/javascript\">\n        var ajaxurl = \"https:\/\/godivebayahibe.com\/wp-admin\/admin-ajax.php\";\n    <\/script>\n    ","protected":false},"excerpt":{"rendered":"<p>Kontaktieren Sie unsEntdecken Sie die Geheimnisse des karibischen Ozeans mit Go Dive BayahibeUnsere Leidenschaft ist das Meer, und wir freuen uns, die Unterwasserwunder von Bayahibe mit Ihnen zu teilen. Vom Anf\u00e4nger bis zum Fortgeschrittenen bieten wir Kurse und Ausfl\u00fcge f\u00fcr ein unvergessliches Erlebnis an. Unser Expertenteam sorgt f\u00fcr Ihre Sicherheit und Ihren Genuss, w\u00e4hrend Sie [&hellip;]<\/p>\n","protected":false},"author":1,"featured_media":0,"parent":0,"menu_order":0,"comment_status":"closed","ping_status":"closed","template":"","meta":{"_et_pb_use_builder":"on","_et_pb_old_content":"","_et_gb_content_width":"","_monsterinsights_skip_tracking":false,"_monsterinsights_sitenote_active":false,"_monsterinsights_sitenote_note":"","_monsterinsights_sitenote_category":0,"_joinchat":[],"footnotes":""},"dipi_cpt_category":[],"class_list":["post-1365","page","type-page","status-publish","hentry"],"yoast_head":"<!-- This site is optimized with the Yoast SEO plugin v26.9 - https:\/\/yoast.com\/product\/yoast-seo-wordpress\/ -->\n<title>Kontaktieren Sie Go Dive Bayahibe | Buchen Sie Ihr Taucherlebnis<\/title>\n<meta name=\"description\" content=\"Kontaktieren Sie Go Dive Bayahibe, um Ihr Taucherlebnis in der Dominikanischen Republik zu buchen. Schnelle Antwort per WhatsApp, E-Mail oder Telefon.\" \/>\n<meta name=\"robots\" content=\"index, follow, max-snippet:-1, max-image-preview:large, max-video-preview:-1\" \/>\n<link rel=\"canonical\" href=\"https:\/\/godivebayahibe.com\/de\/kontakt\/\" \/>\n<meta property=\"og:locale\" content=\"de_DE\" \/>\n<meta property=\"og:type\" content=\"article\" \/>\n<meta property=\"og:title\" content=\"Kontaktieren Sie Go Dive Bayahibe | Buchen Sie Ihr Taucherlebnis\" \/>\n<meta property=\"og:description\" content=\"Kontaktieren Sie Go Dive Bayahibe, um Ihr Taucherlebnis in der Dominikanischen Republik zu buchen. Schnelle Antwort per WhatsApp, E-Mail oder Telefon.\" \/>\n<meta property=\"og:url\" content=\"https:\/\/godivebayahibe.com\/de\/kontakt\/\" \/>\n<meta property=\"og:site_name\" content=\"Go Dive Bayahibe\" \/>\n<meta property=\"article:modified_time\" content=\"2026-03-19T18:32:33+00:00\" \/>\n<meta name=\"twitter:card\" content=\"summary_large_image\" \/>\n<meta name=\"twitter:label1\" content=\"Gesch\u00e4tzte Lesezeit\" \/>\n\t<meta name=\"twitter:data1\" content=\"3\u00a0Minuten\" \/>\n<script type=\"application\/ld+json\" class=\"yoast-schema-graph\">{\"@context\":\"https:\/\/schema.org\",\"@graph\":[{\"@type\":\"WebPage\",\"@id\":\"https:\/\/godivebayahibe.com\/de\/kontakt\/\",\"url\":\"https:\/\/godivebayahibe.com\/de\/kontakt\/\",\"name\":\"Kontaktieren Sie Go Dive Bayahibe | Buchen Sie Ihr Taucherlebnis\",\"isPartOf\":{\"@id\":\"https:\/\/godivebayahibe.com\/de\/#website\"},\"datePublished\":\"2024-02-20T18:24:31+00:00\",\"dateModified\":\"2026-03-19T18:32:33+00:00\",\"description\":\"Kontaktieren Sie Go Dive Bayahibe, um Ihr Taucherlebnis in der Dominikanischen Republik zu buchen. Schnelle Antwort per WhatsApp, E-Mail oder Telefon.\",\"breadcrumb\":{\"@id\":\"https:\/\/godivebayahibe.com\/de\/kontakt\/#breadcrumb\"},\"inLanguage\":\"de\",\"potentialAction\":[{\"@type\":\"ReadAction\",\"target\":[\"https:\/\/godivebayahibe.com\/de\/kontakt\/\"]}]},{\"@type\":\"BreadcrumbList\",\"@id\":\"https:\/\/godivebayahibe.com\/de\/kontakt\/#breadcrumb\",\"itemListElement\":[{\"@type\":\"ListItem\",\"position\":1,\"name\":\"Home\",\"item\":\"https:\/\/godivebayahibe.com\/de\/heim-2\/\"},{\"@type\":\"ListItem\",\"position\":2,\"name\":\"Kontakt\"}]},{\"@type\":\"WebSite\",\"@id\":\"https:\/\/godivebayahibe.com\/de\/#website\",\"url\":\"https:\/\/godivebayahibe.com\/de\/\",\"name\":\"Go Dive Bayahibe\",\"description\":\"Certified diving centre (PADI\/SDI)\",\"publisher\":{\"@id\":\"https:\/\/godivebayahibe.com\/de\/#organization\"},\"potentialAction\":[{\"@type\":\"SearchAction\",\"target\":{\"@type\":\"EntryPoint\",\"urlTemplate\":\"https:\/\/godivebayahibe.com\/de\/?s={search_term_string}\"},\"query-input\":{\"@type\":\"PropertyValueSpecification\",\"valueRequired\":true,\"valueName\":\"search_term_string\"}}],\"inLanguage\":\"de\"},{\"@type\":\"Organization\",\"@id\":\"https:\/\/godivebayahibe.com\/de\/#organization\",\"name\":\"Go Dive Bayahibe\",\"url\":\"https:\/\/godivebayahibe.com\/de\/\",\"logo\":{\"@type\":\"ImageObject\",\"inLanguage\":\"de\",\"@id\":\"https:\/\/godivebayahibe.com\/de\/#\/schema\/logo\/image\/\",\"url\":\"https:\/\/godivebayahibe.com\/wp-content\/uploads\/2024\/07\/favicon.jpg\",\"contentUrl\":\"https:\/\/godivebayahibe.com\/wp-content\/uploads\/2024\/07\/favicon.jpg\",\"width\":512,\"height\":512,\"caption\":\"Go Dive Bayahibe\"},\"image\":{\"@id\":\"https:\/\/godivebayahibe.com\/de\/#\/schema\/logo\/image\/\"}}]}<\/script>\n<!-- \/ Yoast SEO plugin. -->","yoast_head_json":{"title":"Kontaktieren Sie Go Dive Bayahibe | Buchen Sie Ihr Taucherlebnis","description":"Kontaktieren Sie Go Dive Bayahibe, um Ihr Taucherlebnis in der Dominikanischen Republik zu buchen. Schnelle Antwort per WhatsApp, E-Mail oder Telefon.","robots":{"index":"index","follow":"follow","max-snippet":"max-snippet:-1","max-image-preview":"max-image-preview:large","max-video-preview":"max-video-preview:-1"},"canonical":"https:\/\/godivebayahibe.com\/de\/kontakt\/","og_locale":"de_DE","og_type":"article","og_title":"Kontaktieren Sie Go Dive Bayahibe | Buchen Sie Ihr Taucherlebnis","og_description":"Kontaktieren Sie Go Dive Bayahibe, um Ihr Taucherlebnis in der Dominikanischen Republik zu buchen. Schnelle Antwort per WhatsApp, E-Mail oder Telefon.","og_url":"https:\/\/godivebayahibe.com\/de\/kontakt\/","og_site_name":"Go Dive Bayahibe","article_modified_time":"2026-03-19T18:32:33+00:00","twitter_card":"summary_large_image","twitter_misc":{"Gesch\u00e4tzte Lesezeit":"3\u00a0Minuten"},"schema":{"@context":"https:\/\/schema.org","@graph":[{"@type":"WebPage","@id":"https:\/\/godivebayahibe.com\/de\/kontakt\/","url":"https:\/\/godivebayahibe.com\/de\/kontakt\/","name":"Kontaktieren Sie Go Dive Bayahibe | Buchen Sie Ihr Taucherlebnis","isPartOf":{"@id":"https:\/\/godivebayahibe.com\/de\/#website"},"datePublished":"2024-02-20T18:24:31+00:00","dateModified":"2026-03-19T18:32:33+00:00","description":"Kontaktieren Sie Go Dive Bayahibe, um Ihr Taucherlebnis in der Dominikanischen Republik zu buchen. Schnelle Antwort per WhatsApp, E-Mail oder Telefon.","breadcrumb":{"@id":"https:\/\/godivebayahibe.com\/de\/kontakt\/#breadcrumb"},"inLanguage":"de","potentialAction":[{"@type":"ReadAction","target":["https:\/\/godivebayahibe.com\/de\/kontakt\/"]}]},{"@type":"BreadcrumbList","@id":"https:\/\/godivebayahibe.com\/de\/kontakt\/#breadcrumb","itemListElement":[{"@type":"ListItem","position":1,"name":"Home","item":"https:\/\/godivebayahibe.com\/de\/heim-2\/"},{"@type":"ListItem","position":2,"name":"Kontakt"}]},{"@type":"WebSite","@id":"https:\/\/godivebayahibe.com\/de\/#website","url":"https:\/\/godivebayahibe.com\/de\/","name":"Go Dive Bayahibe","description":"Certified diving centre (PADI\/SDI)","publisher":{"@id":"https:\/\/godivebayahibe.com\/de\/#organization"},"potentialAction":[{"@type":"SearchAction","target":{"@type":"EntryPoint","urlTemplate":"https:\/\/godivebayahibe.com\/de\/?s={search_term_string}"},"query-input":{"@type":"PropertyValueSpecification","valueRequired":true,"valueName":"search_term_string"}}],"inLanguage":"de"},{"@type":"Organization","@id":"https:\/\/godivebayahibe.com\/de\/#organization","name":"Go Dive Bayahibe","url":"https:\/\/godivebayahibe.com\/de\/","logo":{"@type":"ImageObject","inLanguage":"de","@id":"https:\/\/godivebayahibe.com\/de\/#\/schema\/logo\/image\/","url":"https:\/\/godivebayahibe.com\/wp-content\/uploads\/2024\/07\/favicon.jpg","contentUrl":"https:\/\/godivebayahibe.com\/wp-content\/uploads\/2024\/07\/favicon.jpg","width":512,"height":512,"caption":"Go Dive Bayahibe"},"image":{"@id":"https:\/\/godivebayahibe.com\/de\/#\/schema\/logo\/image\/"}}]}},"_links":{"self":[{"href":"https:\/\/godivebayahibe.com\/de\/wp-json\/wp\/v2\/pages\/1365","targetHints":{"allow":["GET"]}}],"collection":[{"href":"https:\/\/godivebayahibe.com\/de\/wp-json\/wp\/v2\/pages"}],"about":[{"href":"https:\/\/godivebayahibe.com\/de\/wp-json\/wp\/v2\/types\/page"}],"author":[{"embeddable":true,"href":"https:\/\/godivebayahibe.com\/de\/wp-json\/wp\/v2\/users\/1"}],"replies":[{"embeddable":true,"href":"https:\/\/godivebayahibe.com\/de\/wp-json\/wp\/v2\/comments?post=1365"}],"version-history":[{"count":7,"href":"https:\/\/godivebayahibe.com\/de\/wp-json\/wp\/v2\/pages\/1365\/revisions"}],"predecessor-version":[{"id":8633,"href":"https:\/\/godivebayahibe.com\/de\/wp-json\/wp\/v2\/pages\/1365\/revisions\/8633"}],"wp:attachment":[{"href":"https:\/\/godivebayahibe.com\/de\/wp-json\/wp\/v2\/media?parent=1365"}],"wp:term":[{"taxonomy":"dipi_cpt_category","embeddable":true,"href":"https:\/\/godivebayahibe.com\/de\/wp-json\/wp\/v2\/dipi_cpt_category?post=1365"}],"curies":[{"name":"wp","href":"https:\/\/api.w.org\/{rel}","templated":true}]}}