{"id":8237,"date":"2025-12-11T08:00:38","date_gmt":"2025-12-11T12:00:38","guid":{"rendered":"https:\/\/godivebayahibe.com\/blogs-de-buceo\/"},"modified":"2026-03-19T14:40:11","modified_gmt":"2026-03-19T18:40:11","slug":"blogs-de-buceo","status":"publish","type":"page","link":"https:\/\/godivebayahibe.com\/es\/blogs-de-buceo\/","title":{"rendered":"Blogs de buceo"},"content":{"rendered":"<p>[et_pb_section fb_built=\u00bb1&#8243; admin_label=\u00bbOur Guides\u00bb _builder_version=\u00bb4.16&#8243; custom_padding=\u00bb31px||21px|||\u00bb global_colors_info=\u00bb{}\u00bb theme_builder_area=\u00bbpost_content\u00bb][et_pb_row _builder_version=\u00bb4.16&#8243; custom_padding=\u00bb23px|||||\u00bb global_colors_info=\u00bb{}\u00bb theme_builder_area=\u00bbpost_content\u00bb][et_pb_column type=\u00bb4_4&#8243; _builder_version=\u00bb4.16&#8243; custom_padding=\u00bb|||\u00bb global_colors_info=\u00bb{}\u00bb custom_padding__hover=\u00bb|||\u00bb theme_builder_area=\u00bbpost_content\u00bb][et_pb_text admin_label=\u00bbTeam Title\u00bb _builder_version=\u00bb4.27.4&#8243; text_font=\u00bb||||\u00bb text_text_color=\u00bb#1a1a1a\u00bb header_font=\u00bbOswald|on||on|\u00bb header_font_size=\u00bb60px\u00bb header_line_height=\u00bb1.3em\u00bb module_alignment=\u00bbcenter\u00bb custom_margin=\u00bb|||\u00bb custom_padding=\u00bb|||\u00bb animation_style=\u00bbslide\u00bb animation_direction=\u00bbtop\u00bb animation_intensity_slide=\u00bb10%\u00bb hover_enabled=\u00bb0&#8243; header_font_size_tablet=\u00bb60px\u00bb header_font_size_phone=\u00bb44px\u00bb header_font_size_last_edited=\u00bbon|phone\u00bb locked=\u00bboff\u00bb global_colors_info=\u00bb{}\u00bb theme_builder_area=\u00bbpost_content\u00bb sticky_enabled=\u00bb0&#8243;]<\/p>\n<h2 style=\"text-align: center;\">Blogs de buceo  <\/h2>\n<h3 style=\"text-align: center;\">Experiencia de buceo con Go Dive Bayahibe<\/h3>\n<p>[\/et_pb_text][et_pb_divider color=\u00bb#ed4441&#8243; divider_position=\u00bbcenter\u00bb divider_weight=\u00bb3px\u00bb disabled_on=\u00bboff|off|off\u00bb _builder_version=\u00bb4.16&#8243; max_width=\u00bb150px\u00bb module_alignment=\u00bbcenter\u00bb height=\u00bbfalse\u00bb custom_margin=\u00bb30px||3px|||\u00bb animation_style=\u00bbslide\u00bb animation_direction=\u00bbtop\u00bb animation_delay=\u00bb100ms\u00bb animation_intensity_slide=\u00bb10%\u00bb locked=\u00bboff\u00bb global_colors_info=\u00bb{}\u00bb theme_builder_area=\u00bbpost_content\u00bb][\/et_pb_divider][\/et_pb_column][\/et_pb_row][et_pb_row _builder_version=\u00bb4.27.4&#8243; _module_preset=\u00bbdefault\u00bb theme_builder_area=\u00bbpost_content\u00bb][et_pb_column _builder_version=\u00bb4.27.4&#8243; _module_preset=\u00bbdefault\u00bb type=\u00bb4_4&#8243; theme_builder_area=\u00bbpost_content\u00bb][dipi_blog_slider _builder_version=\u00bb4.27.4&#8243; _module_preset=\u00bbdefault\u00bb theme_builder_area=\u00bbpost_content\u00bb include_categories=\u00bb1&#8243; hover_enabled=\u00bb0&#8243; sticky_enabled=\u00bb0&#8243;][\/dipi_blog_slider][\/et_pb_column][\/et_pb_row][\/et_pb_section][et_pb_section fb_built=\u00bb1&#8243; admin_label=\u00bbCTA\u00bb _builder_version=\u00bb4.24.0&#8243; background_image=\u00bbhttps:\/\/godivebayahibe.com\/wp-content\/uploads\/2024\/02\/diving-school-dominican-republic.jpg\u00bb background_position=\u00bbbottom_center\u00bb custom_margin=\u00bb|||\u00bb custom_padding=\u00bb0px|||\u00bb global_colors_info=\u00bb{}\u00bb theme_builder_area=\u00bbpost_content\u00bb][et_pb_row use_custom_gutter=\u00bbon\u00bb gutter_width=\u00bb1&#8243; custom_padding_last_edited=\u00bbon|tablet\u00bb module_class=\u00bb et_pb_row_fullwidth\u00bb _builder_version=\u00bb4.16&#8243; use_background_color_gradient=\u00bbon\u00bb background_color_gradient_stops=\u00bb#ffffff 0%|rgba(255,255,255,0) 22%\u00bb background_color_gradient_start=\u00bb#ffffff\u00bb background_color_gradient_end=\u00bbrgba(255,255,255,0)\u00bb background_color_gradient_end_position=\u00bb22%\u00bb width=\u00bb100%\u00bb width_tablet=\u00bb100%\u00bb width_phone=\u00bb100%\u00bb width_last_edited=\u00bbon|desktop\u00bb max_width=\u00bb100%\u00bb max_width_tablet=\u00bb100%\u00bb max_width_phone=\u00bb100%\u00bb max_width_last_edited=\u00bbon|desktop\u00bb custom_padding=\u00bb550px|0px|4px|0px||\u00bb custom_padding_tablet=\u00bb0px|||\u00bb custom_padding_phone=\u00bb\u00bb make_fullwidth=\u00bbon\u00bb global_colors_info=\u00bb{}\u00bb theme_builder_area=\u00bbpost_content\u00bb][et_pb_column type=\u00bb4_4&#8243; _builder_version=\u00bb4.16&#8243; custom_padding=\u00bb|||\u00bb global_colors_info=\u00bb{}\u00bb custom_padding__hover=\u00bb|||\u00bb theme_builder_area=\u00bbpost_content\u00bb][et_pb_button button_text=\u00bbP\u00f3ngase en contacto\u00bb button_alignment=\u00bbcenter\u00bb _builder_version=\u00bb4.21.0&#8243; custom_button=\u00bbon\u00bb button_text_color=\u00bb#ffffff\u00bb button_bg_color=\u00bb#ff5f00&#8243; button_border_color=\u00bb#ed4441&#8243; button_border_radius=\u00bb0px\u00bb button_letter_spacing=\u00bb4px\u00bb button_font=\u00bbOswald|on||on|\u00bb button_icon=\u00bb&#x24;||divi||400&#8243; button_icon_color=\u00bb#1a1a1a\u00bb custom_margin=\u00bb||60px|||\u00bb button_border_color_hover=\u00bb#1a1a1a\u00bb button_border_radius_hover=\u00bb0px\u00bb button_letter_spacing_hover=\u00bb4px\u00bb button_bg_color_hover=\u00bbrgba(0,0,0,0)\u00bb locked=\u00bboff\u00bb global_colors_info=\u00bb{}\u00bb button_text_size__hover_enabled=\u00bboff\u00bb button_one_text_size__hover_enabled=\u00bboff\u00bb button_two_text_size__hover_enabled=\u00bboff\u00bb button_text_color__hover_enabled=\u00bboff\u00bb button_one_text_color__hover_enabled=\u00bboff\u00bb button_two_text_color__hover_enabled=\u00bboff\u00bb button_border_width__hover_enabled=\u00bboff\u00bb button_one_border_width__hover_enabled=\u00bboff\u00bb button_two_border_width__hover_enabled=\u00bboff\u00bb button_border_color__hover_enabled=\u00bbon\u00bb button_border_color__hover=\u00bb#1a1a1a\u00bb button_one_border_color__hover_enabled=\u00bboff\u00bb button_two_border_color__hover_enabled=\u00bboff\u00bb button_border_radius__hover_enabled=\u00bbon\u00bb button_border_radius__hover=\u00bb0px\u00bb button_one_border_radius__hover_enabled=\u00bboff\u00bb button_two_border_radius__hover_enabled=\u00bboff\u00bb button_letter_spacing__hover_enabled=\u00bbon\u00bb button_letter_spacing__hover=\u00bb4px\u00bb button_one_letter_spacing__hover_enabled=\u00bboff\u00bb button_two_letter_spacing__hover_enabled=\u00bboff\u00bb button_bg_color__hover_enabled=\u00bbon\u00bb button_bg_color__hover=\u00bbrgba(0,0,0,0)\u00bb button_one_bg_color__hover_enabled=\u00bboff\u00bb button_two_bg_color__hover_enabled=\u00bboff\u00bb theme_builder_area=\u00bbpost_content\u00bb][\/et_pb_button][et_pb_text admin_label=\u00bbCTA Section Title\u00bb _builder_version=\u00bb4.21.0&#8243; text_text_color=\u00bb#FFFFFF\u00bb text_font_size=\u00bb21px\u00bb text_line_height=\u00bb1.6em\u00bb header_font=\u00bbOswald|on||on|\u00bb header_text_align=\u00bbcenter\u00bb header_font_size=\u00bb60px\u00bb header_line_height=\u00bb1.3em\u00bb header_2_text_align=\u00bbcenter\u00bb header_2_text_color=\u00bb#FFFFFF\u00bb module_alignment=\u00bbcenter\u00bb min_height=\u00bb75px\u00bb custom_margin=\u00bb39px||60px|||\u00bb custom_padding=\u00bb|||\u00bb animation_style=\u00bbslide\u00bb animation_direction=\u00bbtop\u00bb animation_intensity_slide=\u00bb10%\u00bb text_font_size_tablet=\u00bb21px\u00bb text_font_size_phone=\u00bb15px\u00bb header_font_size_tablet=\u00bb60px\u00bb header_font_size_phone=\u00bb60px\u00bb header_font_size_last_edited=\u00bbon|phone\u00bb header_2_font_size_tablet=\u00bb41px\u00bb header_2_font_size_phone=\u00bb28px\u00bb text_text_shadow_style=\u00bbpreset2&#8243; header_2_text_shadow_style=\u00bbpreset2&#8243; locked=\u00bboff\u00bb global_colors_info=\u00bb{}\u00bb theme_builder_area=\u00bbpost_content\u00bb]<\/p>\n<h2>\u00bfA qu\u00e9 esperas?<\/h2>\n<p style=\"text-align: center;\">Cont\u00e1ctenos para disponibilidad y horario de buceo (whatsapp, e-mail, tel\u00e9fono).<br \/>Visite nuestro centro de buceo de servicio completo en el puerto de Bayahibe.<\/p>\n<p>[\/et_pb_text][\/et_pb_column][\/et_pb_row][\/et_pb_section]<\/p>\n<div id=\"dipi-popup-maker-container\"><\/div>    <script type=\"text\/javascript\">\n        var ajaxurl = \"https:\/\/godivebayahibe.com\/wp-admin\/admin-ajax.php\";\n    <\/script>\n    ","protected":false},"excerpt":{"rendered":"<p>Blogs de buceo Experiencia de buceo con Go Dive Bayahibe<div class=\"et_pb_module dipi_blog_slider dipi_blog_slider_0\">\n\t\t\t\t\n\t\t\t\t\n\t\t\t\t\n\t\t\t\t\n\t\t\t\t\n\t\t\t\t\n\t\t\t\t<div class=\"et_pb_module_inner\">\n\t\t\t\t\t\n\t\t    <div class=\"dipi-blog-slider-main preloading\" \n\t\t    data-columnsphone=\"1\"\n\t\t    data-columnstablet=\"2\"\n\t\t    data-columnsdesktop=\"4\"\n\t\t    data-spacebetween=\"50\"\n\t\t    data-loop=\"off\"\n\t\t    data-speed=\"500\"\n\t\t    data-navigation=\"off\"\n\t\t    data-pagination=\"off\"\n\t\t    data-autoplay=\"off\"\n\t\t    data-autoplayspeed=\"5000\"\n\t\t    data-pauseonhover=\"on\"\n\t\t    data-effect=\"slide\"\n\t\t    data-rotate=\"50\"\n\t\t    data-dynamicbullets=\"on\"\n\t\t    data-ordernumber=\"0\"\n\t\t    data-centered=\"off\"\n\t\t    data-spacebetween_tablet=\"50\"\n\t\t    data-spacebetween_phone=\"50\"\n\t\t    data-shadow=\"true\">\n\t\t        <div class=\"swiper-container\">\n\t\t            <div class=\"dipi-blog-slider-wrapper\">\n\t\t                <div class=\"dipi-blog-post clearfix category-sin-categorizar\">\n<div class=\"dipi-entry-featured-image-url dipi-none\">\n\n\t\t<a    \n        class=\"dipi-blog-post-overlay-link\"\n        href=\"https:\/\/godivebayahibe.com\/es\/cordosdiving-plongee-en-suisse-valais\/\"\n        target=\"\"\n        aria-label=\"CordosDiving &#8211; Plong\u00e9e en Suisse (Valais)\"\n    ><\/a>\n\t\n    <div class=\"dipi-blog-post-overlay\">\n        <div class=\"dipi-author\">\n        <span class=\"author vcard\">By <img decoding=\"async\" src=\" https:\/\/secure.gravatar.com\/avatar\/d139ebf4a8796699274f1fff26cbdcb71b46c30ecdf8882301c197559bf0205d?s=96&#038;d=mm&#038;r=g\" \/> <a href=\"https:\/\/godivebayahibe.com\/es\/author\/admin\/\" title=\"Mensajes de admin\" rel=\"author\">admin<\/a><\/span>\n    <\/div>    <\/div>\n\n    <img\n                decoding=\"async\"\n                loading=\"lazy\"\n                class=\"wp-post-image\"\n                src=\"https:\/\/godivebayahibe.com\/wp-content\/uploads\/2026\/01\/Photo-iles-valais-3.jpg\"\n                alt=\"\"\n                srcset=\"https:\/\/godivebayahibe.com\/wp-content\/uploads\/2026\/01\/Photo-iles-valais-3.jpg 768w, https:\/\/godivebayahibe.com\/wp-content\/uploads\/2026\/01\/Photo-iles-valais-3.jpg 980w, https:\/\/godivebayahibe.com\/wp-content\/uploads\/2026\/01\/Photo-iles-valais-3.jpg 1024w\"\n                sizes=\"(max-width: 768px) 768px, (max-width: 980px) 980px, 1024px\"\n            \/>\n            \n<\/div><div class=\"dipi-date\">\n        \n        <span class=\"dipi-month\">Ene<\/span>\n        <span class=\"dipi-day\">30<\/span>\n        <span class=\"dipi-year\">2026<\/span>\n    \n    <\/div><div class=\"dipi-post-content\">\n    <div class=\"dipi-categories\">\n        <a href=\"https:\/\/godivebayahibe.com\/es\/category\/sin-categorizar\/\" rel=\"tag\">Sin categorizar<\/a>    <\/div>\n    <h2 class=\"dipi-entry-title\">\n        <a href=\"https:\/\/godivebayahibe.com\/es\/cordosdiving-plongee-en-suisse-valais\/\" \n        target=\"\"\n        aria-label=\"CordosDiving &#8211; Plong\u00e9e en Suisse (Valais)\"\n    >\n            CordosDiving &#8211; Plong\u00e9e en Suisse (Valais)        <\/a>\n    <\/h2>    <div class=\"dipi-post-text\">\nCordosBuceo Buceo en Suiza (Valais) Socio y amigo, Yannick Cordonnier, afincado en Valais (Suiza), comparte con pasi\u00f3n su visi\u00f3n \u00fanica del buceo en lagos. Fundador de...<\/div>\n    <\/div><!-- dipi-post-content --><\/div><!-- dipi-blog-post -->\n\n\t\t            <\/div>\n\t\t        <\/div>\n\t\t        \n\t\t        <div class=\"swiper-container-horizontal\">\n\t\t            \n\t\t        <\/div>\n\t\t    <\/div>\n\t\t\t\t<\/div>\n\t\t\t<\/div>\u00bfA qu\u00e9 esperas? Cont\u00e1ctenos para disponibilidad y horario de buceo (whatsapp, e-mail, tel\u00e9fono).Visite nuestro centro de buceo de servicio completo en el puerto de Bayahibe.<\/p>\n","protected":false},"author":1,"featured_media":0,"parent":0,"menu_order":0,"comment_status":"closed","ping_status":"closed","template":"","meta":{"_et_pb_use_builder":"on","_et_pb_old_content":"","_et_gb_content_width":"","_monsterinsights_skip_tracking":false,"_monsterinsights_sitenote_active":false,"_monsterinsights_sitenote_note":"","_monsterinsights_sitenote_category":0,"_joinchat":[],"footnotes":""},"dipi_cpt_category":[],"class_list":["post-8237","page","type-page","status-publish","hentry"],"yoast_head":"<!-- This site is optimized with the Yoast SEO plugin v26.9 - https:\/\/yoast.com\/product\/yoast-seo-wordpress\/ -->\n<title>Blog de Buceo Bayahibe | Consejos y Sitios de Buceo DR<\/title>\n<meta name=\"description\" content=\"Explore nuestro blog de buceo en Bayahibe con consejos, sitios de buceo y experiencias submarinas en la Rep\u00fablica Dominicana.\" \/>\n<meta name=\"robots\" content=\"index, follow, max-snippet:-1, max-image-preview:large, max-video-preview:-1\" \/>\n<link rel=\"canonical\" href=\"https:\/\/godivebayahibe.com\/es\/blogs-de-buceo\/\" \/>\n<meta property=\"og:locale\" content=\"es_ES\" \/>\n<meta property=\"og:type\" content=\"article\" \/>\n<meta property=\"og:title\" content=\"Blog de Buceo Bayahibe | Consejos y Sitios de Buceo DR\" \/>\n<meta property=\"og:description\" content=\"Explore nuestro blog de buceo en Bayahibe con consejos, sitios de buceo y experiencias submarinas en la Rep\u00fablica Dominicana.\" \/>\n<meta property=\"og:url\" content=\"https:\/\/godivebayahibe.com\/es\/blogs-de-buceo\/\" \/>\n<meta property=\"og:site_name\" content=\"Go Dive Bayahibe\" \/>\n<meta property=\"article:modified_time\" content=\"2026-03-19T18:40:11+00:00\" \/>\n<meta name=\"twitter:card\" content=\"summary_large_image\" \/>\n<meta name=\"twitter:label1\" content=\"Tiempo de lectura\" \/>\n\t<meta name=\"twitter:data1\" content=\"4 minutos\" \/>\n<script type=\"application\/ld+json\" class=\"yoast-schema-graph\">{\"@context\":\"https:\/\/schema.org\",\"@graph\":[{\"@type\":\"WebPage\",\"@id\":\"https:\/\/godivebayahibe.com\/es\/blogs-de-buceo\/\",\"url\":\"https:\/\/godivebayahibe.com\/es\/blogs-de-buceo\/\",\"name\":\"Blog de Buceo Bayahibe | Consejos y Sitios de Buceo DR\",\"isPartOf\":{\"@id\":\"https:\/\/godivebayahibe.com\/es\/#website\"},\"datePublished\":\"2025-12-11T12:00:38+00:00\",\"dateModified\":\"2026-03-19T18:40:11+00:00\",\"description\":\"Explore nuestro blog de buceo en Bayahibe con consejos, sitios de buceo y experiencias submarinas en la Rep\u00fablica Dominicana.\",\"breadcrumb\":{\"@id\":\"https:\/\/godivebayahibe.com\/es\/blogs-de-buceo\/#breadcrumb\"},\"inLanguage\":\"es\",\"potentialAction\":[{\"@type\":\"ReadAction\",\"target\":[\"https:\/\/godivebayahibe.com\/es\/blogs-de-buceo\/\"]}]},{\"@type\":\"BreadcrumbList\",\"@id\":\"https:\/\/godivebayahibe.com\/es\/blogs-de-buceo\/#breadcrumb\",\"itemListElement\":[{\"@type\":\"ListItem\",\"position\":1,\"name\":\"Home\",\"item\":\"https:\/\/godivebayahibe.com\/es\/hogar-2\/\"},{\"@type\":\"ListItem\",\"position\":2,\"name\":\"Blogs de buceo\"}]},{\"@type\":\"WebSite\",\"@id\":\"https:\/\/godivebayahibe.com\/es\/#website\",\"url\":\"https:\/\/godivebayahibe.com\/es\/\",\"name\":\"Go Dive Bayahibe\",\"description\":\"Certified diving centre (PADI\/SDI)\",\"publisher\":{\"@id\":\"https:\/\/godivebayahibe.com\/es\/#organization\"},\"potentialAction\":[{\"@type\":\"SearchAction\",\"target\":{\"@type\":\"EntryPoint\",\"urlTemplate\":\"https:\/\/godivebayahibe.com\/es\/?s={search_term_string}\"},\"query-input\":{\"@type\":\"PropertyValueSpecification\",\"valueRequired\":true,\"valueName\":\"search_term_string\"}}],\"inLanguage\":\"es\"},{\"@type\":\"Organization\",\"@id\":\"https:\/\/godivebayahibe.com\/es\/#organization\",\"name\":\"Go Dive Bayahibe\",\"url\":\"https:\/\/godivebayahibe.com\/es\/\",\"logo\":{\"@type\":\"ImageObject\",\"inLanguage\":\"es\",\"@id\":\"https:\/\/godivebayahibe.com\/es\/#\/schema\/logo\/image\/\",\"url\":\"https:\/\/godivebayahibe.com\/wp-content\/uploads\/2024\/07\/favicon.jpg\",\"contentUrl\":\"https:\/\/godivebayahibe.com\/wp-content\/uploads\/2024\/07\/favicon.jpg\",\"width\":512,\"height\":512,\"caption\":\"Go Dive Bayahibe\"},\"image\":{\"@id\":\"https:\/\/godivebayahibe.com\/es\/#\/schema\/logo\/image\/\"}}]}<\/script>\n<!-- \/ Yoast SEO plugin. -->","yoast_head_json":{"title":"Blog de Buceo Bayahibe | Consejos y Sitios de Buceo DR","description":"Explore nuestro blog de buceo en Bayahibe con consejos, sitios de buceo y experiencias submarinas en la Rep\u00fablica Dominicana.","robots":{"index":"index","follow":"follow","max-snippet":"max-snippet:-1","max-image-preview":"max-image-preview:large","max-video-preview":"max-video-preview:-1"},"canonical":"https:\/\/godivebayahibe.com\/es\/blogs-de-buceo\/","og_locale":"es_ES","og_type":"article","og_title":"Blog de Buceo Bayahibe | Consejos y Sitios de Buceo DR","og_description":"Explore nuestro blog de buceo en Bayahibe con consejos, sitios de buceo y experiencias submarinas en la Rep\u00fablica Dominicana.","og_url":"https:\/\/godivebayahibe.com\/es\/blogs-de-buceo\/","og_site_name":"Go Dive Bayahibe","article_modified_time":"2026-03-19T18:40:11+00:00","twitter_card":"summary_large_image","twitter_misc":{"Tiempo de lectura":"4 minutos"},"schema":{"@context":"https:\/\/schema.org","@graph":[{"@type":"WebPage","@id":"https:\/\/godivebayahibe.com\/es\/blogs-de-buceo\/","url":"https:\/\/godivebayahibe.com\/es\/blogs-de-buceo\/","name":"Blog de Buceo Bayahibe | Consejos y Sitios de Buceo DR","isPartOf":{"@id":"https:\/\/godivebayahibe.com\/es\/#website"},"datePublished":"2025-12-11T12:00:38+00:00","dateModified":"2026-03-19T18:40:11+00:00","description":"Explore nuestro blog de buceo en Bayahibe con consejos, sitios de buceo y experiencias submarinas en la Rep\u00fablica Dominicana.","breadcrumb":{"@id":"https:\/\/godivebayahibe.com\/es\/blogs-de-buceo\/#breadcrumb"},"inLanguage":"es","potentialAction":[{"@type":"ReadAction","target":["https:\/\/godivebayahibe.com\/es\/blogs-de-buceo\/"]}]},{"@type":"BreadcrumbList","@id":"https:\/\/godivebayahibe.com\/es\/blogs-de-buceo\/#breadcrumb","itemListElement":[{"@type":"ListItem","position":1,"name":"Home","item":"https:\/\/godivebayahibe.com\/es\/hogar-2\/"},{"@type":"ListItem","position":2,"name":"Blogs de buceo"}]},{"@type":"WebSite","@id":"https:\/\/godivebayahibe.com\/es\/#website","url":"https:\/\/godivebayahibe.com\/es\/","name":"Go Dive Bayahibe","description":"Certified diving centre (PADI\/SDI)","publisher":{"@id":"https:\/\/godivebayahibe.com\/es\/#organization"},"potentialAction":[{"@type":"SearchAction","target":{"@type":"EntryPoint","urlTemplate":"https:\/\/godivebayahibe.com\/es\/?s={search_term_string}"},"query-input":{"@type":"PropertyValueSpecification","valueRequired":true,"valueName":"search_term_string"}}],"inLanguage":"es"},{"@type":"Organization","@id":"https:\/\/godivebayahibe.com\/es\/#organization","name":"Go Dive Bayahibe","url":"https:\/\/godivebayahibe.com\/es\/","logo":{"@type":"ImageObject","inLanguage":"es","@id":"https:\/\/godivebayahibe.com\/es\/#\/schema\/logo\/image\/","url":"https:\/\/godivebayahibe.com\/wp-content\/uploads\/2024\/07\/favicon.jpg","contentUrl":"https:\/\/godivebayahibe.com\/wp-content\/uploads\/2024\/07\/favicon.jpg","width":512,"height":512,"caption":"Go Dive Bayahibe"},"image":{"@id":"https:\/\/godivebayahibe.com\/es\/#\/schema\/logo\/image\/"}}]}},"_links":{"self":[{"href":"https:\/\/godivebayahibe.com\/es\/wp-json\/wp\/v2\/pages\/8237","targetHints":{"allow":["GET"]}}],"collection":[{"href":"https:\/\/godivebayahibe.com\/es\/wp-json\/wp\/v2\/pages"}],"about":[{"href":"https:\/\/godivebayahibe.com\/es\/wp-json\/wp\/v2\/types\/page"}],"author":[{"embeddable":true,"href":"https:\/\/godivebayahibe.com\/es\/wp-json\/wp\/v2\/users\/1"}],"replies":[{"embeddable":true,"href":"https:\/\/godivebayahibe.com\/es\/wp-json\/wp\/v2\/comments?post=8237"}],"version-history":[{"count":9,"href":"https:\/\/godivebayahibe.com\/es\/wp-json\/wp\/v2\/pages\/8237\/revisions"}],"predecessor-version":[{"id":8701,"href":"https:\/\/godivebayahibe.com\/es\/wp-json\/wp\/v2\/pages\/8237\/revisions\/8701"}],"wp:attachment":[{"href":"https:\/\/godivebayahibe.com\/es\/wp-json\/wp\/v2\/media?parent=8237"}],"wp:term":[{"taxonomy":"dipi_cpt_category","embeddable":true,"href":"https:\/\/godivebayahibe.com\/es\/wp-json\/wp\/v2\/dipi_cpt_category?post=8237"}],"curies":[{"name":"wp","href":"https:\/\/api.w.org\/{rel}","templated":true}]}}