{"id":1362,"date":"2024-02-20T14:24:31","date_gmt":"2024-02-20T18:24:31","guid":{"rendered":"https:\/\/godivebayahibe.com\/contact\/"},"modified":"2026-03-19T14:32:33","modified_gmt":"2026-03-19T18:32:33","slug":"contact","status":"publish","type":"page","link":"https:\/\/godivebayahibe.com\/fr\/contact\/","title":{"rendered":"contact"},"content":{"rendered":"<p>[et_pb_section fb_built=\u00a0\u00bb1&Prime; custom_padding_last_edited=\u00a0\u00bbon|tablet\u00a0\u00bb admin_label=\u00a0\u00bbContact Form\u00a0\u00bb _builder_version=\u00a0\u00bb4.16&Prime; custom_padding=\u00a0\u00bb110px||31px|||\u00a0\u00bb custom_padding_tablet=\u00a0\u00bb60px|||\u00a0\u00bb custom_padding_phone=\u00a0\u00bb\u00a0\u00bb global_colors_info=\u00a0\u00bb{}\u00a0\u00bb][et_pb_row column_structure=\u00a0\u00bb1_2,1_2&Prime; _builder_version=\u00a0\u00bb4.16&Prime; background_size=\u00a0\u00bbinitial\u00a0\u00bb background_position=\u00a0\u00bbtop_left\u00a0\u00bb background_repeat=\u00a0\u00bbrepeat\u00a0\u00bb global_colors_info=\u00a0\u00bb{}\u00a0\u00bb][et_pb_column type=\u00a0\u00bb1_2&Prime; _builder_version=\u00a0\u00bb4.16&Prime; custom_padding=\u00a0\u00bb|||\u00a0\u00bb global_colors_info=\u00a0\u00bb{}\u00a0\u00bb custom_padding__hover=\u00a0\u00bb|||\u00a0\u00bb][et_pb_text admin_label=\u00a0\u00bbContact Title\u00a0\u00bb _builder_version=\u00a0\u00bb4.16&Prime; text_font=\u00a0\u00bb||||\u00a0\u00bb text_text_color=\u00a0\u00bb#1a1a1a\u00a0\u00bb header_font=\u00a0\u00bbOswald|on||on|\u00a0\u00bb header_text_align=\u00a0\u00bbleft\u00a0\u00bb header_font_size=\u00a0\u00bb60px\u00a0\u00bb header_line_height=\u00a0\u00bb1.3em\u00a0\u00bb background_size=\u00a0\u00bbinitial\u00a0\u00bb background_position=\u00a0\u00bbtop_left\u00a0\u00bb background_repeat=\u00a0\u00bbrepeat\u00a0\u00bb max_width=\u00a0\u00bb450px\u00a0\u00bb custom_margin=\u00a0\u00bb|||\u00a0\u00bb custom_padding=\u00a0\u00bb|||\u00a0\u00bb animation_style=\u00a0\u00bbslide\u00a0\u00bb animation_direction=\u00a0\u00bbtop\u00a0\u00bb animation_intensity_slide=\u00a0\u00bb10%\u00a0\u00bb locked=\u00a0\u00bboff\u00a0\u00bb global_colors_info=\u00a0\u00bb{}\u00a0\u00bb]<\/p>\n<h1>Contactez-nous<\/h1>\n<p>[\/et_pb_text][et_pb_divider color=\u00a0\u00bb#f06f04&Prime; divider_position=\u00a0\u00bbcenter\u00a0\u00bb divider_weight=\u00a0\u00bb3px\u00a0\u00bb disabled_on=\u00a0\u00bboff|off|off%22&Prime; admin_label=\u00a0\u00bbDivider\u00a0\u00bb _builder_version=\u00a0\u00bb4.24.1&Prime; max_width=\u00a0\u00bb150px\u00a0\u00bb height=\u00a0\u00bbfalse\u00a0\u00bb custom_margin=\u00a0\u00bb30px|||\u00a0\u00bb animation_style=\u00a0\u00bbslide\u00a0\u00bb animation_direction=\u00a0\u00bbtop\u00a0\u00bb animation_delay=\u00a0\u00bb100ms\u00a0\u00bb animation_intensity_slide=\u00a0\u00bb10%\u00a0\u00bb locked=\u00a0\u00bboff\u00a0\u00bb global_colors_info=\u00a0\u00bb{}\u00a0\u00bb][\/et_pb_divider][et_pb_text admin_label=\u00a0\u00bbContact Subtitle\u00a0\u00bb _builder_version=\u00a0\u00bb4.24.1&Prime; text_font=\u00a0\u00bbRoboto||||\u00a0\u00bb text_text_color=\u00a0\u00bb#1a1a1a\u00a0\u00bb text_font_size=\u00a0\u00bb24px\u00a0\u00bb text_line_height=\u00a0\u00bb1.4em\u00a0\u00bb background_size=\u00a0\u00bbinitial\u00a0\u00bb background_position=\u00a0\u00bbtop_left\u00a0\u00bb background_repeat=\u00a0\u00bbrepeat\u00a0\u00bb max_width=\u00a0\u00bb450px\u00a0\u00bb custom_padding=\u00a0\u00bb30px|||\u00a0\u00bb animation_style=\u00a0\u00bbslide\u00a0\u00bb animation_direction=\u00a0\u00bbtop\u00a0\u00bb animation_delay=\u00a0\u00bb200ms\u00a0\u00bb animation_intensity_slide=\u00a0\u00bb10%\u00a0\u00bb locked=\u00a0\u00bboff\u00a0\u00bb global_colors_info=\u00a0\u00bb{}\u00a0\u00bb]<\/p>\n<p>D\u00e9couvrez les secrets de l\u2019oc\u00e9an des Cara\u00efbes avec Go Dive Bayahibe<\/p>\n<p>[\/et_pb_text][et_pb_text admin_label=\u00a0\u00bbContact Text\u00a0\u00bb _builder_version=\u00a0\u00bb4.24.1&Prime; text_font=\u00a0\u00bbRoboto||||\u00a0\u00bb background_size=\u00a0\u00bbinitial\u00a0\u00bb background_position=\u00a0\u00bbtop_left\u00a0\u00bb background_repeat=\u00a0\u00bbrepeat\u00a0\u00bb max_width=\u00a0\u00bb450px\u00a0\u00bb custom_margin=\u00a0\u00bb60|||\u00a0\u00bb custom_padding=\u00a0\u00bb||60px|\u00a0\u00bb animation_style=\u00a0\u00bbslide\u00a0\u00bb animation_direction=\u00a0\u00bbtop\u00a0\u00bb animation_delay=\u00a0\u00bb400ms\u00a0\u00bb animation_intensity_slide=\u00a0\u00bb4%\u00a0\u00bb locked=\u00a0\u00bboff\u00a0\u00bb global_colors_info=\u00a0\u00bb{}\u00a0\u00bb]<\/p>\n<p>Notre passion est la mer, et nous sommes ravis de partager avec vous les merveilles sous-marines de Bayahibe. Du d\u00e9butant au plongeur confirm\u00e9, nous proposons des cours et des excursions pour une exp\u00e9rience inoubliable.<\/p>\n<p>Notre \u00e9quipe d\u2019experts veille \u00e0 votre s\u00e9curit\u00e9 et \u00e0 votre plaisir pendant que vous explorez des r\u00e9cifs coralliens vibrants, des \u00e9paves et des grottes. Pr\u00eat pour votre prochaine aventure de plong\u00e9e ? Contactez-nous. Nous sommes impatients de plonger dans la beaut\u00e9 de Bayahibe avec vous.<\/p>\n<p>Plongez,<br \/>Julien et Ga\u00eblle<\/p>\n<p>[\/et_pb_text][\/et_pb_column][et_pb_column type=\u00a0\u00bb1_2&Prime; _builder_version=\u00a0\u00bb4.16&Prime; custom_padding=\u00a0\u00bb|||\u00a0\u00bb global_colors_info=\u00a0\u00bb{}\u00a0\u00bb custom_padding__hover=\u00a0\u00bb|||\u00a0\u00bb][et_pb_text _builder_version=\u00a0\u00bb4.25.2&Prime; _module_preset=\u00a0\u00bbdefault\u00a0\u00bb hover_enabled=\u00a0\u00bb0&Prime; sticky_enabled=\u00a0\u00bb0&Prime;]<\/p>\n\n<div class=\"wpcf7 no-js\" id=\"wpcf7-f1373-o1\" lang=\"fr-FR\" dir=\"ltr\" data-wpcf7-id=\"1373\">\n<div class=\"screen-reader-response\"><p role=\"status\" aria-live=\"polite\" aria-atomic=\"true\"><\/p> <ul><\/ul><\/div>\n<form action=\"\/fr\/wp-json\/wp\/v2\/pages\/1362#wpcf7-f1373-o1\" method=\"post\" class=\"wpcf7-form init\" aria-label=\"Formulaire de contact\" novalidate=\"novalidate\" data-status=\"init\">\n<fieldset class=\"hidden-fields-container\"><input type=\"hidden\" name=\"_wpcf7\" value=\"1373\" \/><input type=\"hidden\" name=\"_wpcf7_version\" value=\"6.1.5\" \/><input type=\"hidden\" name=\"_wpcf7_locale\" value=\"fr_FR\" \/><input type=\"hidden\" name=\"_wpcf7_unit_tag\" value=\"wpcf7-f1373-o1\" \/><input type=\"hidden\" name=\"_wpcf7_container_post\" value=\"0\" \/><input type=\"hidden\" name=\"_wpcf7_posted_data_hash\" value=\"\" \/><input type=\"hidden\" name=\"_wpcf7_recaptcha_response\" value=\"\" \/>\n<\/fieldset>\n<p><label><br \/>\n<span class=\"wpcf7-form-control-wrap\" data-name=\"your-name\"><input size=\"40\" maxlength=\"400\" class=\"wpcf7-form-control wpcf7-text wpcf7-validates-as-required\" aria-required=\"true\" aria-invalid=\"false\" placeholder=\"Nom\" value=\"\" type=\"text\" name=\"your-name\" \/><\/span> <\/label><br \/>\n<label><br \/>\n<span class=\"wpcf7-form-control-wrap\" data-name=\"your-email\"><input size=\"40\" maxlength=\"400\" class=\"wpcf7-form-control wpcf7-email wpcf7-validates-as-required wpcf7-text wpcf7-validates-as-email\" aria-required=\"true\" aria-invalid=\"false\" placeholder=\"Adresse courriel\" value=\"\" type=\"email\" name=\"your-email\" \/><\/span> <\/label><br \/>\n<label><br \/>\n<span class=\"wpcf7-form-control-wrap\" data-name=\"phone\"><input size=\"40\" maxlength=\"400\" class=\"wpcf7-form-control wpcf7-tel wpcf7-text wpcf7-validates-as-tel\" aria-invalid=\"false\" placeholder=\"T\u00e9l\u00e9phone\" value=\"\" type=\"tel\" name=\"phone\" \/><\/span> <\/label><br \/>\n<label><br \/>\n<span class=\"wpcf7-form-control-wrap\" data-name=\"your-message\"><textarea cols=\"40\" rows=\"10\" maxlength=\"2000\" class=\"wpcf7-form-control wpcf7-textarea\" aria-invalid=\"false\" placeholder=\"Message\" name=\"your-message\"><\/textarea><\/span> <\/label>\n<\/p>\n<p><input class=\"wpcf7-form-control wpcf7-submit has-spinner\" type=\"submit\" value=\"ENVOYER UN MESSAGE\" \/>\n<\/p><div class=\"wpcf7-response-output\" aria-hidden=\"true\"><\/div>\n<\/form>\n<\/div>\n\n<p>[\/et_pb_text][\/et_pb_column][\/et_pb_row][et_pb_row _builder_version=\u00a0\u00bb4.24.2&Prime; _module_preset=\u00a0\u00bbdefault\u00a0\u00bb global_colors_info=\u00a0\u00bb{}\u00a0\u00bb][et_pb_column type=\u00a0\u00bb4_4&Prime; _builder_version=\u00a0\u00bb4.24.2&Prime; _module_preset=\u00a0\u00bbdefault\u00a0\u00bb global_colors_info=\u00a0\u00bb{}\u00a0\u00bb][et_pb_image src=\u00a0\u00bbhttps:\/\/godivebayahibe.com\/wp-content\/uploads\/2024\/03\/go-dive-bayahibe-contact.jpg\u00a0\u00bb title_text=\u00a0\u00bbgo-dive-bayahibe-contact\u00a0\u00bb _builder_version=\u00a0\u00bb4.24.2&Prime; _module_preset=\u00a0\u00bbdefault\u00a0\u00bb global_colors_info=\u00a0\u00bb{}\u00a0\u00bb][\/et_pb_image][\/et_pb_column][\/et_pb_row][\/et_pb_section][et_pb_section fb_built=\u00a0\u00bb1&Prime; fullwidth=\u00a0\u00bbon\u00a0\u00bb _builder_version=\u00a0\u00bb4.24.1&Prime; _module_preset=\u00a0\u00bbdefault\u00a0\u00bb custom_margin=\u00a0\u00bb||0px||false|false\u00a0\u00bb global_colors_info=\u00a0\u00bb{}\u00a0\u00bb][et_pb_fullwidth_image src=\u00a0\u00bbhttps:\/\/godivebayahibe.com\/wp-content\/uploads\/2024\/02\/contact-address-godive.jpg\u00a0\u00bb title_text=\u00a0\u00bbadresse-contact-godive\u00a0\u00bb _builder_version=\u00a0\u00bb4.24.1&Prime; _module_preset=\u00a0\u00bbdefault\u00a0\u00bb global_colors_info=\u00a0\u00bb{}\u00a0\u00bb][\/et_pb_fullwidth_image][\/et_pb_section]<\/p>\n<div id=\"dipi-popup-maker-container\"><\/div>    <script type=\"text\/javascript\">\n        var ajaxurl = \"https:\/\/godivebayahibe.com\/wp-admin\/admin-ajax.php\";\n    <\/script>\n    ","protected":false},"excerpt":{"rendered":"<p>Contactez-nousD\u00e9couvrez les secrets de l\u2019oc\u00e9an des Cara\u00efbes avec Go Dive BayahibeNotre passion est la mer, et nous sommes ravis de partager avec vous les merveilles sous-marines de Bayahibe. Du d\u00e9butant au plongeur confirm\u00e9, nous proposons des cours et des excursions pour une exp\u00e9rience inoubliable. Notre \u00e9quipe d\u2019experts veille \u00e0 votre s\u00e9curit\u00e9 et \u00e0 votre plaisir [&hellip;]<\/p>\n","protected":false},"author":1,"featured_media":0,"parent":0,"menu_order":0,"comment_status":"closed","ping_status":"closed","template":"","meta":{"_et_pb_use_builder":"on","_et_pb_old_content":"","_et_gb_content_width":"","_monsterinsights_skip_tracking":false,"_monsterinsights_sitenote_active":false,"_monsterinsights_sitenote_note":"","_monsterinsights_sitenote_category":0,"_joinchat":[],"footnotes":""},"dipi_cpt_category":[],"class_list":["post-1362","page","type-page","status-publish","hentry"],"yoast_head":"<!-- This site is optimized with the Yoast SEO plugin v26.9 - https:\/\/yoast.com\/product\/yoast-seo-wordpress\/ -->\n<title>Contactez Go Dive Bayahibe | R\u00e9servez votre exp\u00e9rience de plong\u00e9e<\/title>\n<meta name=\"description\" content=\"Contactez Go Dive Bayahibe pour r\u00e9server votre plong\u00e9e sous-marine en R\u00e9publique Dominicaine. R\u00e9ponse rapide par WhatsApp, email ou t\u00e9l\u00e9phone.\" \/>\n<meta name=\"robots\" content=\"index, follow, max-snippet:-1, max-image-preview:large, max-video-preview:-1\" \/>\n<link rel=\"canonical\" href=\"https:\/\/godivebayahibe.com\/fr\/contact\/\" \/>\n<meta property=\"og:locale\" content=\"fr_FR\" \/>\n<meta property=\"og:type\" content=\"article\" \/>\n<meta property=\"og:title\" content=\"Contactez Go Dive Bayahibe | R\u00e9servez votre exp\u00e9rience de plong\u00e9e\" \/>\n<meta property=\"og:description\" content=\"Contactez Go Dive Bayahibe pour r\u00e9server votre plong\u00e9e sous-marine en R\u00e9publique Dominicaine. R\u00e9ponse rapide par WhatsApp, email ou t\u00e9l\u00e9phone.\" \/>\n<meta property=\"og:url\" content=\"https:\/\/godivebayahibe.com\/fr\/contact\/\" \/>\n<meta property=\"og:site_name\" content=\"Go Dive Bayahibe\" \/>\n<meta property=\"article:modified_time\" content=\"2026-03-19T18:32:33+00:00\" \/>\n<meta name=\"twitter:card\" content=\"summary_large_image\" \/>\n<meta name=\"twitter:label1\" content=\"Dur\u00e9e de lecture estim\u00e9e\" \/>\n\t<meta name=\"twitter:data1\" content=\"3 minutes\" \/>\n<script type=\"application\/ld+json\" class=\"yoast-schema-graph\">{\"@context\":\"https:\/\/schema.org\",\"@graph\":[{\"@type\":\"WebPage\",\"@id\":\"https:\/\/godivebayahibe.com\/fr\/contact\/\",\"url\":\"https:\/\/godivebayahibe.com\/fr\/contact\/\",\"name\":\"Contactez Go Dive Bayahibe | R\u00e9servez votre exp\u00e9rience de plong\u00e9e\",\"isPartOf\":{\"@id\":\"https:\/\/godivebayahibe.com\/fr\/#website\"},\"datePublished\":\"2024-02-20T18:24:31+00:00\",\"dateModified\":\"2026-03-19T18:32:33+00:00\",\"description\":\"Contactez Go Dive Bayahibe pour r\u00e9server votre plong\u00e9e sous-marine en R\u00e9publique Dominicaine. R\u00e9ponse rapide par WhatsApp, email ou t\u00e9l\u00e9phone.\",\"breadcrumb\":{\"@id\":\"https:\/\/godivebayahibe.com\/fr\/contact\/#breadcrumb\"},\"inLanguage\":\"fr-FR\",\"potentialAction\":[{\"@type\":\"ReadAction\",\"target\":[\"https:\/\/godivebayahibe.com\/fr\/contact\/\"]}]},{\"@type\":\"BreadcrumbList\",\"@id\":\"https:\/\/godivebayahibe.com\/fr\/contact\/#breadcrumb\",\"itemListElement\":[{\"@type\":\"ListItem\",\"position\":1,\"name\":\"Home\",\"item\":\"https:\/\/godivebayahibe.com\/fr\/domicile-2\/\"},{\"@type\":\"ListItem\",\"position\":2,\"name\":\"contact\"}]},{\"@type\":\"WebSite\",\"@id\":\"https:\/\/godivebayahibe.com\/fr\/#website\",\"url\":\"https:\/\/godivebayahibe.com\/fr\/\",\"name\":\"Go Dive Bayahibe\",\"description\":\"Certified diving centre (PADI\/SDI)\",\"publisher\":{\"@id\":\"https:\/\/godivebayahibe.com\/fr\/#organization\"},\"potentialAction\":[{\"@type\":\"SearchAction\",\"target\":{\"@type\":\"EntryPoint\",\"urlTemplate\":\"https:\/\/godivebayahibe.com\/fr\/?s={search_term_string}\"},\"query-input\":{\"@type\":\"PropertyValueSpecification\",\"valueRequired\":true,\"valueName\":\"search_term_string\"}}],\"inLanguage\":\"fr-FR\"},{\"@type\":\"Organization\",\"@id\":\"https:\/\/godivebayahibe.com\/fr\/#organization\",\"name\":\"Go Dive Bayahibe\",\"url\":\"https:\/\/godivebayahibe.com\/fr\/\",\"logo\":{\"@type\":\"ImageObject\",\"inLanguage\":\"fr-FR\",\"@id\":\"https:\/\/godivebayahibe.com\/fr\/#\/schema\/logo\/image\/\",\"url\":\"https:\/\/godivebayahibe.com\/wp-content\/uploads\/2024\/07\/favicon.jpg\",\"contentUrl\":\"https:\/\/godivebayahibe.com\/wp-content\/uploads\/2024\/07\/favicon.jpg\",\"width\":512,\"height\":512,\"caption\":\"Go Dive Bayahibe\"},\"image\":{\"@id\":\"https:\/\/godivebayahibe.com\/fr\/#\/schema\/logo\/image\/\"}}]}<\/script>\n<!-- \/ Yoast SEO plugin. -->","yoast_head_json":{"title":"Contactez Go Dive Bayahibe | R\u00e9servez votre exp\u00e9rience de plong\u00e9e","description":"Contactez Go Dive Bayahibe pour r\u00e9server votre plong\u00e9e sous-marine en R\u00e9publique Dominicaine. R\u00e9ponse rapide par WhatsApp, email ou t\u00e9l\u00e9phone.","robots":{"index":"index","follow":"follow","max-snippet":"max-snippet:-1","max-image-preview":"max-image-preview:large","max-video-preview":"max-video-preview:-1"},"canonical":"https:\/\/godivebayahibe.com\/fr\/contact\/","og_locale":"fr_FR","og_type":"article","og_title":"Contactez Go Dive Bayahibe | R\u00e9servez votre exp\u00e9rience de plong\u00e9e","og_description":"Contactez Go Dive Bayahibe pour r\u00e9server votre plong\u00e9e sous-marine en R\u00e9publique Dominicaine. R\u00e9ponse rapide par WhatsApp, email ou t\u00e9l\u00e9phone.","og_url":"https:\/\/godivebayahibe.com\/fr\/contact\/","og_site_name":"Go Dive Bayahibe","article_modified_time":"2026-03-19T18:32:33+00:00","twitter_card":"summary_large_image","twitter_misc":{"Dur\u00e9e de lecture estim\u00e9e":"3 minutes"},"schema":{"@context":"https:\/\/schema.org","@graph":[{"@type":"WebPage","@id":"https:\/\/godivebayahibe.com\/fr\/contact\/","url":"https:\/\/godivebayahibe.com\/fr\/contact\/","name":"Contactez Go Dive Bayahibe | R\u00e9servez votre exp\u00e9rience de plong\u00e9e","isPartOf":{"@id":"https:\/\/godivebayahibe.com\/fr\/#website"},"datePublished":"2024-02-20T18:24:31+00:00","dateModified":"2026-03-19T18:32:33+00:00","description":"Contactez Go Dive Bayahibe pour r\u00e9server votre plong\u00e9e sous-marine en R\u00e9publique Dominicaine. R\u00e9ponse rapide par WhatsApp, email ou t\u00e9l\u00e9phone.","breadcrumb":{"@id":"https:\/\/godivebayahibe.com\/fr\/contact\/#breadcrumb"},"inLanguage":"fr-FR","potentialAction":[{"@type":"ReadAction","target":["https:\/\/godivebayahibe.com\/fr\/contact\/"]}]},{"@type":"BreadcrumbList","@id":"https:\/\/godivebayahibe.com\/fr\/contact\/#breadcrumb","itemListElement":[{"@type":"ListItem","position":1,"name":"Home","item":"https:\/\/godivebayahibe.com\/fr\/domicile-2\/"},{"@type":"ListItem","position":2,"name":"contact"}]},{"@type":"WebSite","@id":"https:\/\/godivebayahibe.com\/fr\/#website","url":"https:\/\/godivebayahibe.com\/fr\/","name":"Go Dive Bayahibe","description":"Certified diving centre (PADI\/SDI)","publisher":{"@id":"https:\/\/godivebayahibe.com\/fr\/#organization"},"potentialAction":[{"@type":"SearchAction","target":{"@type":"EntryPoint","urlTemplate":"https:\/\/godivebayahibe.com\/fr\/?s={search_term_string}"},"query-input":{"@type":"PropertyValueSpecification","valueRequired":true,"valueName":"search_term_string"}}],"inLanguage":"fr-FR"},{"@type":"Organization","@id":"https:\/\/godivebayahibe.com\/fr\/#organization","name":"Go Dive Bayahibe","url":"https:\/\/godivebayahibe.com\/fr\/","logo":{"@type":"ImageObject","inLanguage":"fr-FR","@id":"https:\/\/godivebayahibe.com\/fr\/#\/schema\/logo\/image\/","url":"https:\/\/godivebayahibe.com\/wp-content\/uploads\/2024\/07\/favicon.jpg","contentUrl":"https:\/\/godivebayahibe.com\/wp-content\/uploads\/2024\/07\/favicon.jpg","width":512,"height":512,"caption":"Go Dive Bayahibe"},"image":{"@id":"https:\/\/godivebayahibe.com\/fr\/#\/schema\/logo\/image\/"}}]}},"_links":{"self":[{"href":"https:\/\/godivebayahibe.com\/fr\/wp-json\/wp\/v2\/pages\/1362","targetHints":{"allow":["GET"]}}],"collection":[{"href":"https:\/\/godivebayahibe.com\/fr\/wp-json\/wp\/v2\/pages"}],"about":[{"href":"https:\/\/godivebayahibe.com\/fr\/wp-json\/wp\/v2\/types\/page"}],"author":[{"embeddable":true,"href":"https:\/\/godivebayahibe.com\/fr\/wp-json\/wp\/v2\/users\/1"}],"replies":[{"embeddable":true,"href":"https:\/\/godivebayahibe.com\/fr\/wp-json\/wp\/v2\/comments?post=1362"}],"version-history":[{"count":5,"href":"https:\/\/godivebayahibe.com\/fr\/wp-json\/wp\/v2\/pages\/1362\/revisions"}],"predecessor-version":[{"id":8634,"href":"https:\/\/godivebayahibe.com\/fr\/wp-json\/wp\/v2\/pages\/1362\/revisions\/8634"}],"wp:attachment":[{"href":"https:\/\/godivebayahibe.com\/fr\/wp-json\/wp\/v2\/media?parent=1362"}],"wp:term":[{"taxonomy":"dipi_cpt_category","embeddable":true,"href":"https:\/\/godivebayahibe.com\/fr\/wp-json\/wp\/v2\/dipi_cpt_category?post=1362"}],"curies":[{"name":"wp","href":"https:\/\/api.w.org\/{rel}","templated":true}]}}