{"id":8197,"date":"2026-01-30T08:53:32","date_gmt":"2026-01-30T12:53:32","guid":{"rendered":"https:\/\/godivebayahibe.com\/blogs\/"},"modified":"2026-01-30T08:54:02","modified_gmt":"2026-01-30T12:54:02","slug":"blogs","status":"publish","type":"page","link":"https:\/\/godivebayahibe.com\/fr\/blogs\/","title":{"rendered":"blogs"},"content":{"rendered":"<p>[et_pb_section fb_built=\u00a0\u00bb1&Prime; theme_builder_area=\u00a0\u00bbpost_content\u00a0\u00bb _builder_version=\u00a0\u00bb4.27.4&Prime; _module_preset=\u00a0\u00bbdefault\u00a0\u00bb][et_pb_row _builder_version=\u00a0\u00bb4.27.4&Prime; _module_preset=\u00a0\u00bbdefault\u00a0\u00bb theme_builder_area=\u00a0\u00bbpost_content\u00a0\u00bb][et_pb_column _builder_version=\u00a0\u00bb4.27.4&Prime; _module_preset=\u00a0\u00bbdefault\u00a0\u00bb type=\u00a0\u00bb4_4&Prime; theme_builder_area=\u00a0\u00bbpost_content\u00a0\u00bb][dipi_blog_slider _builder_version=\u00a0\u00bb4.27.4&Prime; _module_preset=\u00a0\u00bbdefault\u00a0\u00bb theme_builder_area=\u00a0\u00bbpost_content\u00a0\u00bb hover_enabled=\u00a0\u00bb0&Prime; sticky_enabled=\u00a0\u00bb0&Prime; header_line_height=\u00a0\u00bb1.3em\u00a0\u00bb][\/dipi_blog_slider][\/et_pb_column][\/et_pb_row][\/et_pb_section]<\/p>\n<div id=\"dipi-popup-maker-container\"><\/div>    <script type=\"text\/javascript\">\n        var ajaxurl = \"https:\/\/godivebayahibe.com\/wp-admin\/admin-ajax.php\";\n    <\/script>\n    ","protected":false},"excerpt":{"rendered":"<div class=\"et_pb_module dipi_blog_slider dipi_blog_slider_0\">\n\t\t\t\t\n\t\t\t\t\n\t\t\t\t\n\t\t\t\t\n\t\t\t\t\n\t\t\t\t\n\t\t\t\t<div class=\"et_pb_module_inner\">\n\t\t\t\t\t\n\t\t    <div class=\"dipi-blog-slider-main preloading\" \n\t\t    data-columnsphone=\"1\"\n\t\t    data-columnstablet=\"2\"\n\t\t    data-columnsdesktop=\"4\"\n\t\t    data-spacebetween=\"50\"\n\t\t    data-loop=\"off\"\n\t\t    data-speed=\"500\"\n\t\t    data-navigation=\"off\"\n\t\t    data-pagination=\"off\"\n\t\t    data-autoplay=\"off\"\n\t\t    data-autoplayspeed=\"5000\"\n\t\t    data-pauseonhover=\"on\"\n\t\t    data-effect=\"slide\"\n\t\t    data-rotate=\"50\"\n\t\t    data-dynamicbullets=\"on\"\n\t\t    data-ordernumber=\"0\"\n\t\t    data-centered=\"off\"\n\t\t    data-spacebetween_tablet=\"50\"\n\t\t    data-spacebetween_phone=\"50\"\n\t\t    data-shadow=\"true\">\n\t\t        <div class=\"swiper-container\">\n\t\t            <div class=\"dipi-blog-slider-wrapper\">\n\t\t                <div class=\"dipi-blog-post clearfix category-non-classifiee\">\n<div class=\"dipi-entry-featured-image-url dipi-none\">\n\n\t\t<a    \n        class=\"dipi-blog-post-overlay-link\"\n        href=\"https:\/\/godivebayahibe.com\/fr\/cordosdiving-plongee-en-suisse-valais\/\"\n        target=\"\"\n        aria-label=\"CordosDiving &#8211; Plong\u00e9e en Suisse (Valais)\"\n    ><\/a>\n\t\n    <div class=\"dipi-blog-post-overlay\">\n        <div class=\"dipi-author\">\n        <span class=\"author vcard\">By <img decoding=\"async\" src=\" https:\/\/secure.gravatar.com\/avatar\/d139ebf4a8796699274f1fff26cbdcb71b46c30ecdf8882301c197559bf0205d?s=96&#038;d=mm&#038;r=g\" \/> <a href=\"https:\/\/godivebayahibe.com\/fr\/author\/admin\/\" title=\"Articles de admin\" rel=\"author\">admin<\/a><\/span>\n    <\/div>    <\/div>\n\n    <img\n                decoding=\"async\"\n                loading=\"lazy\"\n                class=\"wp-post-image\"\n                src=\"https:\/\/godivebayahibe.com\/wp-content\/uploads\/2026\/01\/Photo-iles-valais-3.jpg\"\n                alt=\"\"\n                srcset=\"https:\/\/godivebayahibe.com\/wp-content\/uploads\/2026\/01\/Photo-iles-valais-3.jpg 768w, https:\/\/godivebayahibe.com\/wp-content\/uploads\/2026\/01\/Photo-iles-valais-3.jpg 980w, https:\/\/godivebayahibe.com\/wp-content\/uploads\/2026\/01\/Photo-iles-valais-3.jpg 1024w\"\n                sizes=\"(max-width: 768px) 768px, (max-width: 980px) 980px, 1024px\"\n            \/>\n            \n<\/div><div class=\"dipi-date\">\n        \n        <span class=\"dipi-month\">Jan<\/span>\n        <span class=\"dipi-day\">30<\/span>\n        <span class=\"dipi-year\">2026<\/span>\n    \n    <\/div><div class=\"dipi-post-content\">\n    <div class=\"dipi-categories\">\n        <a href=\"https:\/\/godivebayahibe.com\/fr\/category\/non-classifiee\/\" rel=\"tag\">Non classifi\u00e9(e)<\/a>    <\/div>\n    <h2 class=\"dipi-entry-title\">\n        <a href=\"https:\/\/godivebayahibe.com\/fr\/cordosdiving-plongee-en-suisse-valais\/\" \n        target=\"\"\n        aria-label=\"CordosDiving &#8211; Plong\u00e9e en Suisse (Valais)\"\n    >\n            CordosDiving &#8211; Plong\u00e9e en Suisse (Valais)        <\/a>\n    <\/h2>    <div class=\"dipi-post-text\">\nCordosDiving Plong\u00e9e en Suisse (Valais) Partenaire et ami, Yannick Cordonnier, bas\u00e9 en Valais, en Suisse, partage avec passion sa vision unique de la plong\u00e9e en lac....<\/div>\n    <\/div><!-- dipi-post-content --><\/div><!-- dipi-blog-post -->\n\n\t\t            <\/div>\n\t\t        <\/div>\n\t\t        \n\t\t        <div class=\"swiper-container-horizontal\">\n\t\t            \n\t\t        <\/div>\n\t\t    <\/div>\n\t\t\t\t<\/div>\n\t\t\t<\/div>\n","protected":false},"author":1,"featured_media":0,"parent":0,"menu_order":0,"comment_status":"closed","ping_status":"closed","template":"","meta":{"_et_pb_use_builder":"on","_et_pb_old_content":"","_et_gb_content_width":"","_monsterinsights_skip_tracking":false,"_monsterinsights_sitenote_active":false,"_monsterinsights_sitenote_note":"","_monsterinsights_sitenote_category":0,"_joinchat":[],"footnotes":""},"dipi_cpt_category":[],"class_list":["post-8197","page","type-page","status-publish","hentry"],"yoast_head":"<!-- This site is optimized with the Yoast SEO plugin v26.9 - https:\/\/yoast.com\/product\/yoast-seo-wordpress\/ -->\n<title>blogs - Go Dive Bayahibe<\/title>\n<meta name=\"robots\" content=\"index, follow, max-snippet:-1, max-image-preview:large, max-video-preview:-1\" \/>\n<link rel=\"canonical\" href=\"https:\/\/godivebayahibe.com\/fr\/blogs\/\" \/>\n<meta property=\"og:locale\" content=\"fr_FR\" \/>\n<meta property=\"og:type\" content=\"article\" \/>\n<meta property=\"og:title\" content=\"blogs - Go Dive Bayahibe\" \/>\n<meta property=\"og:url\" content=\"https:\/\/godivebayahibe.com\/fr\/blogs\/\" \/>\n<meta property=\"og:site_name\" content=\"Go Dive Bayahibe\" \/>\n<meta property=\"article:modified_time\" content=\"2026-01-30T12:54:02+00:00\" \/>\n<meta name=\"twitter:card\" content=\"summary_large_image\" \/>\n<meta name=\"twitter:description\" content=\"[dipi_blog_slider _builder_version=&quot;4.27.4&quot; _module_preset=&quot;default&quot; theme_builder_area=&quot;post_content&quot; hover_enabled=&quot;0&quot; sticky_enabled=&quot;0&quot; header_line_height=&quot;1.3em&quot;][\/dipi_blog_slider]\" \/>\n<script type=\"application\/ld+json\" class=\"yoast-schema-graph\">{\"@context\":\"https:\/\/schema.org\",\"@graph\":[{\"@type\":\"WebPage\",\"@id\":\"https:\/\/godivebayahibe.com\/fr\/blogs\/\",\"url\":\"https:\/\/godivebayahibe.com\/fr\/blogs\/\",\"name\":\"blogs - Go Dive Bayahibe\",\"isPartOf\":{\"@id\":\"https:\/\/godivebayahibe.com\/fr\/#website\"},\"datePublished\":\"2026-01-30T12:53:32+00:00\",\"dateModified\":\"2026-01-30T12:54:02+00:00\",\"breadcrumb\":{\"@id\":\"https:\/\/godivebayahibe.com\/fr\/blogs\/#breadcrumb\"},\"inLanguage\":\"fr-FR\",\"potentialAction\":[{\"@type\":\"ReadAction\",\"target\":[\"https:\/\/godivebayahibe.com\/fr\/blogs\/\"]}]},{\"@type\":\"BreadcrumbList\",\"@id\":\"https:\/\/godivebayahibe.com\/fr\/blogs\/#breadcrumb\",\"itemListElement\":[{\"@type\":\"ListItem\",\"position\":1,\"name\":\"Home\",\"item\":\"https:\/\/godivebayahibe.com\/fr\/domicile-2\/\"},{\"@type\":\"ListItem\",\"position\":2,\"name\":\"blogs\"}]},{\"@type\":\"WebSite\",\"@id\":\"https:\/\/godivebayahibe.com\/fr\/#website\",\"url\":\"https:\/\/godivebayahibe.com\/fr\/\",\"name\":\"Go Dive Bayahibe\",\"description\":\"Certified diving centre (PADI\/SDI)\",\"publisher\":{\"@id\":\"https:\/\/godivebayahibe.com\/fr\/#organization\"},\"potentialAction\":[{\"@type\":\"SearchAction\",\"target\":{\"@type\":\"EntryPoint\",\"urlTemplate\":\"https:\/\/godivebayahibe.com\/fr\/?s={search_term_string}\"},\"query-input\":{\"@type\":\"PropertyValueSpecification\",\"valueRequired\":true,\"valueName\":\"search_term_string\"}}],\"inLanguage\":\"fr-FR\"},{\"@type\":\"Organization\",\"@id\":\"https:\/\/godivebayahibe.com\/fr\/#organization\",\"name\":\"Go Dive Bayahibe\",\"url\":\"https:\/\/godivebayahibe.com\/fr\/\",\"logo\":{\"@type\":\"ImageObject\",\"inLanguage\":\"fr-FR\",\"@id\":\"https:\/\/godivebayahibe.com\/fr\/#\/schema\/logo\/image\/\",\"url\":\"https:\/\/godivebayahibe.com\/wp-content\/uploads\/2024\/07\/favicon.jpg\",\"contentUrl\":\"https:\/\/godivebayahibe.com\/wp-content\/uploads\/2024\/07\/favicon.jpg\",\"width\":512,\"height\":512,\"caption\":\"Go Dive Bayahibe\"},\"image\":{\"@id\":\"https:\/\/godivebayahibe.com\/fr\/#\/schema\/logo\/image\/\"}}]}<\/script>\n<!-- \/ Yoast SEO plugin. -->","yoast_head_json":{"title":"blogs - Go Dive Bayahibe","robots":{"index":"index","follow":"follow","max-snippet":"max-snippet:-1","max-image-preview":"max-image-preview:large","max-video-preview":"max-video-preview:-1"},"canonical":"https:\/\/godivebayahibe.com\/fr\/blogs\/","og_locale":"fr_FR","og_type":"article","og_title":"blogs - Go Dive Bayahibe","og_url":"https:\/\/godivebayahibe.com\/fr\/blogs\/","og_site_name":"Go Dive Bayahibe","article_modified_time":"2026-01-30T12:54:02+00:00","twitter_card":"summary_large_image","twitter_description":"[dipi_blog_slider _builder_version=\"4.27.4\" _module_preset=\"default\" theme_builder_area=\"post_content\" hover_enabled=\"0\" sticky_enabled=\"0\" header_line_height=\"1.3em\"][\/dipi_blog_slider]","schema":{"@context":"https:\/\/schema.org","@graph":[{"@type":"WebPage","@id":"https:\/\/godivebayahibe.com\/fr\/blogs\/","url":"https:\/\/godivebayahibe.com\/fr\/blogs\/","name":"blogs - Go Dive Bayahibe","isPartOf":{"@id":"https:\/\/godivebayahibe.com\/fr\/#website"},"datePublished":"2026-01-30T12:53:32+00:00","dateModified":"2026-01-30T12:54:02+00:00","breadcrumb":{"@id":"https:\/\/godivebayahibe.com\/fr\/blogs\/#breadcrumb"},"inLanguage":"fr-FR","potentialAction":[{"@type":"ReadAction","target":["https:\/\/godivebayahibe.com\/fr\/blogs\/"]}]},{"@type":"BreadcrumbList","@id":"https:\/\/godivebayahibe.com\/fr\/blogs\/#breadcrumb","itemListElement":[{"@type":"ListItem","position":1,"name":"Home","item":"https:\/\/godivebayahibe.com\/fr\/domicile-2\/"},{"@type":"ListItem","position":2,"name":"blogs"}]},{"@type":"WebSite","@id":"https:\/\/godivebayahibe.com\/fr\/#website","url":"https:\/\/godivebayahibe.com\/fr\/","name":"Go Dive Bayahibe","description":"Certified diving centre (PADI\/SDI)","publisher":{"@id":"https:\/\/godivebayahibe.com\/fr\/#organization"},"potentialAction":[{"@type":"SearchAction","target":{"@type":"EntryPoint","urlTemplate":"https:\/\/godivebayahibe.com\/fr\/?s={search_term_string}"},"query-input":{"@type":"PropertyValueSpecification","valueRequired":true,"valueName":"search_term_string"}}],"inLanguage":"fr-FR"},{"@type":"Organization","@id":"https:\/\/godivebayahibe.com\/fr\/#organization","name":"Go Dive Bayahibe","url":"https:\/\/godivebayahibe.com\/fr\/","logo":{"@type":"ImageObject","inLanguage":"fr-FR","@id":"https:\/\/godivebayahibe.com\/fr\/#\/schema\/logo\/image\/","url":"https:\/\/godivebayahibe.com\/wp-content\/uploads\/2024\/07\/favicon.jpg","contentUrl":"https:\/\/godivebayahibe.com\/wp-content\/uploads\/2024\/07\/favicon.jpg","width":512,"height":512,"caption":"Go Dive Bayahibe"},"image":{"@id":"https:\/\/godivebayahibe.com\/fr\/#\/schema\/logo\/image\/"}}]}},"_links":{"self":[{"href":"https:\/\/godivebayahibe.com\/fr\/wp-json\/wp\/v2\/pages\/8197","targetHints":{"allow":["GET"]}}],"collection":[{"href":"https:\/\/godivebayahibe.com\/fr\/wp-json\/wp\/v2\/pages"}],"about":[{"href":"https:\/\/godivebayahibe.com\/fr\/wp-json\/wp\/v2\/types\/page"}],"author":[{"embeddable":true,"href":"https:\/\/godivebayahibe.com\/fr\/wp-json\/wp\/v2\/users\/1"}],"replies":[{"embeddable":true,"href":"https:\/\/godivebayahibe.com\/fr\/wp-json\/wp\/v2\/comments?post=8197"}],"version-history":[{"count":0,"href":"https:\/\/godivebayahibe.com\/fr\/wp-json\/wp\/v2\/pages\/8197\/revisions"}],"wp:attachment":[{"href":"https:\/\/godivebayahibe.com\/fr\/wp-json\/wp\/v2\/media?parent=8197"}],"wp:term":[{"taxonomy":"dipi_cpt_category","embeddable":true,"href":"https:\/\/godivebayahibe.com\/fr\/wp-json\/wp\/v2\/dipi_cpt_category?post=8197"}],"curies":[{"name":"wp","href":"https:\/\/api.w.org\/{rel}","templated":true}]}}